{"id":10,"date":"2017-05-24T16:07:33","date_gmt":"2017-05-24T16:07:33","guid":{"rendered":"http:\/\/xn--fvlschnitzsee-jmb.de\/?page_id=10"},"modified":"2026-03-18T09:02:48","modified_gmt":"2026-03-18T09:02:48","slug":"informationen","status":"publish","type":"page","link":"http:\/\/xn--fvlschnitzsee-jmb.de\/?page_id=10","title":{"rendered":"Informationen"},"content":{"rendered":"<p><strong>Verkaufsstellen von Fischereierlaubnisscheinen:<\/strong><\/p>\n<ul>\n<li><strong>Alfred M\u00fcller<\/strong> &#8211; Kehlbachsberg 3 \/ Winterleite 6 &#8211; 96361 Windheim<\/li>\n<li>Online-Karten \u00fcber <strong>Hejfish.com<\/strong> <span style=\"color: #ff0000;\"><em>(Fangmeldungen sind auf hejfish.com unter &#8222;Angelkarten &amp; K\u00e4ufe&#8220; zu melden. Dies gilt auch f\u00fcr Leermeldungen. Bei Nichtmeldung erfolgt eine automatische Sperrung von Hejfish f\u00fcr weitere K\u00e4ufe!)<\/em><\/span><\/li>\n<\/ul>\n<p style=\"text-align: center;\"><a href=\"https:\/\/www.hejfish.com\/search?term=Fischereiverein%20%C3%96lschnitzsee%20Windheim%20e.V.%20\"><img loading=\"lazy\" decoding=\"async\" class=\"alignnone wp-image-425\" src=\"http:\/\/xn--fvlschnitzsee-jmb.de\/wp-content\/uploads\/2023\/03\/hejfish_BuGa-See-300x225.png\" alt=\"\" width=\"196\" height=\"147\" srcset=\"http:\/\/xn--fvlschnitzsee-jmb.de\/wp-content\/uploads\/2023\/03\/hejfish_BuGa-See-300x225.png 300w, http:\/\/xn--fvlschnitzsee-jmb.de\/wp-content\/uploads\/2023\/03\/hejfish_BuGa-See.png 358w\" sizes=\"auto, (max-width: 196px) 100vw, 196px\" \/><\/a><\/p>\n<p><strong>Kosten f\u00fcr Tageserlaubnisscheine:<\/strong><\/p>\n<p>\u00d6lschnitzsee:<strong> 18 Euro<\/strong><br \/>\nTeuschnitz: Fiedlerteiche\/Torbergteich: <strong>18 Euro<\/strong><\/p>\n<p><strong>Kosten f\u00fcr Jahreserlaubnisscheine (nur f\u00fcr Mitglieder):<\/strong><\/p>\n<p>\u00d6lschnitzsee: <strong>120 Euro<\/strong><\/p>\n<p>Kombikarte \u00d6lschnitzsee\/Fiedlerteiche\/Torbergteich: <strong>120 Euro<\/strong><\/p>\n<p>Fiedlerteiche\/Torbergteich: <strong>120 Euro<\/strong><\/p>\n<p><strong>Angelbedingungen:<\/strong><\/p>\n<ul>\n<li>Den Anordnungen der Fischereiaufseher\/-innen ist unbedingt Folge zu leisten<\/li>\n<li>Verst\u00f6\u00dfe haben die Einziehung des Erlaubnisscheines zur Folge und ziehen eine Ahnung gem\u00e4\u00df Vereinssatzung bzw. gesetzlichen Vorschriften nach sich<\/li>\n<li>Der Verein haftet f\u00fcr keinerlei Ersatzanspr\u00fcche, ebenso wenig f\u00fcr Ungl\u00fccksf\u00e4lle, Verletzungen, Sachsch\u00e4den und dergleichen<\/li>\n<li>W\u00e4hrend Gemeinschaftsveranstaltungen sind alle \u00fcbrigen Vereinsgew\u00e4sser gesperrt<\/li>\n<li>Die Angelsaison am \u00d6lschnitzsee beginnt mit dem offiziellen Anangeln<\/li>\n<\/ul>\n<p><strong>Fangvorschriften:<\/strong><\/p>\n<ul>\n<li>Das Angeln ist nur am Ufer aus mit einer Handangel erlaubt<\/li>\n<li>Erwachsenen in Begleitung eines Kindes (4-6 Jahre) ist das Angeln mit zwei Handangeln gestattet<\/li>\n<li>Gefangene unterma\u00dfige Fische, die erkennbar verletzt und nicht mehr lebensf\u00e4hig sind, d\u00fcrfen nicht zur\u00fcckgesetzt werden. Sie sind der t\u00e4glichen Fangmenge anzurechnen<\/li>\n<li>Ma\u00dfige Fische d\u00fcrfen nicht zur\u00fcckgesetzt werden<\/li>\n<li>Jeder in Besitz genommene Fisch ist unverz\u00fcglich ordnungsgem\u00e4\u00df zu versorgen und in die Fangliste einzutragen<\/li>\n<li>Jeder Angler ist verpflichtet, entsprechende Ger\u00e4te zur waidgerechten Landung (z.B. Kescher, L\u00f6seschere) immer mitzuf\u00fchren<\/li>\n<li>Anf\u00fcttern ist nur im beschr\u00e4nkten Umfang w\u00e4hrend des Angelns gestattet<\/li>\n<\/ul>\n<p><span style=\"color: #ff0000;\"><strong>Verboten ist:<\/strong><\/span><\/p>\n<ul>\n<li>Das Zelten und Betreiben von offenen Feuerstellen ohne Genehmigung des Vorstandes<\/li>\n<li>Das Befahren gesperrter Wege und der Gr\u00fcnanlagen<\/li>\n<li>Das Angeln auch bei zum Teil vereister Wasseroberfl\u00e4che<\/li>\n<li>Abfallentsorgung au\u00dferhalb der Abfalltonnen<\/li>\n<li>Am \u00d6lschnitzsee:\n<ul>\n<li>das Verwenden eines Setzkeschers<\/li>\n<li>das Angeln bei Badebetrieb<\/li>\n<li>das Anf\u00fcttern<\/li>\n<\/ul>\n<\/li>\n<li>In Teuschnitz:\n<ul>\n<li>das Angeln mit Spinner, Blinker, Wobbler, u. \u00e4. bis 30. September<\/li>\n<li>das Angeln zwischen Absperrung und Einlauf<\/li>\n<\/ul>\n<\/li>\n<\/ul>\n<p><span style=\"color: #0000ff;\"><strong>Im Verein gelten zus\u00e4tzlich folgende Regelungen:<\/strong><\/span><\/p>\n<p><em><span style=\"color: #0000ff;\">Schonzeiten und Schonma\u00dfe:<\/span><\/em><\/p>\n<ul>\n<li style=\"text-align: left;\"><strong>Salmoniden:<\/strong> 01.10. &#8211; 15.03 \/ 30 cm<\/li>\n<li><strong>Karpfen:<\/strong> keine Schonzeit \/ 40 cm<\/li>\n<li><strong>Schleie:<\/strong> 01.05. &#8211; 30.06. \/ 30 cm<\/li>\n<li><strong>Aal<\/strong>: 01.10. &#8211; 31.12. \/ 60 cm<\/li>\n<li><strong>Wels:<\/strong> keine Schonzeit \/ 80 cm<\/li>\n<li><strong>Hecht:<\/strong> 15.02. &#8211; 15.05. \/ 60 cm<\/li>\n<li><strong>Zander:<\/strong> 15.02. &#8211; 15.05. \/ 60 cm<\/li>\n<li><strong>Ganzj\u00e4hrige Schonzeit:<\/strong> Elritze, M\u00fchlkoppe, Karausche, Krebse, Schuppenkarpfen<\/li>\n<\/ul>\n<p><em><span style=\"color: #0000ff;\">T\u00e4gliche Fangmengen:<\/span><\/em><\/p>\n<p><strong>\u00d6lschnitzsee:<\/strong><\/p>\n<ul>\n<li>3 Salmoniden<\/li>\n<\/ul>\n<p><strong>Teuschnitz:<\/strong><\/p>\n<ul>\n<li>1 Hecht oder Zander oder Wels<\/li>\n<li>1 Aal<\/li>\n<li>2 Karpfen oder 2 Schleien oder<\/li>\n<li>1 Karpfen und 1 Schleie<\/li>\n<\/ul>\n<p><em><span style=\"color: #0000ff;\">Jahresfanglimit:<\/span><\/em><\/p>\n<p>30 Fische \/ bei Gew\u00e4sserkombination jeweils 15 Fische<\/p>\n<p><strong>Zuwiderhandlungen haben den unverz\u00fcglichen Entzug des Erlaubnisscheines durch das Kontrollpersonal zur Folge<\/strong><\/p>\n","protected":false},"excerpt":{"rendered":"<p>Verkaufsstellen von Fischereierlaubnisscheinen: Alfred M\u00fcller &#8211; Kehlbachsberg 3 \/ Winterleite 6 &#8211; 96361 Windheim Online-Karten \u00fcber Hejfish.com (Fangmeldungen sind auf hejfish.com unter &#8222;Angelkarten &amp; K\u00e4ufe&#8220; zu melden. Dies gilt auch f\u00fcr Leermeldungen. Bei Nichtmeldung erfolgt eine automatische Sperrung von Hejfish f\u00fcr weitere K\u00e4ufe!) Kosten f\u00fcr Tageserlaubnisscheine: \u00d6lschnitzsee: 18 Euro Teuschnitz: Fiedlerteiche\/Torbergteich: 18 Euro Kosten f\u00fcr &hellip; <\/p>\n<p class=\"link-more\"><a href=\"http:\/\/xn--fvlschnitzsee-jmb.de\/?page_id=10\" class=\"more-link\"><span class=\"screen-reader-text\">\u201eInformationen\u201c <\/span>weiterlesen<\/a><\/p>\n","protected":false},"author":1,"featured_media":0,"parent":0,"menu_order":0,"comment_status":"closed","ping_status":"closed","template":"","meta":{"footnotes":""},"class_list":["post-10","page","type-page","status-publish","hentry"],"_links":{"self":[{"href":"http:\/\/xn--fvlschnitzsee-jmb.de\/index.php?rest_route=\/wp\/v2\/pages\/10","targetHints":{"allow":["GET"]}}],"collection":[{"href":"http:\/\/xn--fvlschnitzsee-jmb.de\/index.php?rest_route=\/wp\/v2\/pages"}],"about":[{"href":"http:\/\/xn--fvlschnitzsee-jmb.de\/index.php?rest_route=\/wp\/v2\/types\/page"}],"author":[{"embeddable":true,"href":"http:\/\/xn--fvlschnitzsee-jmb.de\/index.php?rest_route=\/wp\/v2\/users\/1"}],"replies":[{"embeddable":true,"href":"http:\/\/xn--fvlschnitzsee-jmb.de\/index.php?rest_route=%2Fwp%2Fv2%2Fcomments&post=10"}],"version-history":[{"count":14,"href":"http:\/\/xn--fvlschnitzsee-jmb.de\/index.php?rest_route=\/wp\/v2\/pages\/10\/revisions"}],"predecessor-version":[{"id":663,"href":"http:\/\/xn--fvlschnitzsee-jmb.de\/index.php?rest_route=\/wp\/v2\/pages\/10\/revisions\/663"}],"wp:attachment":[{"href":"http:\/\/xn--fvlschnitzsee-jmb.de\/index.php?rest_route=%2Fwp%2Fv2%2Fmedia&parent=10"}],"curies":[{"name":"wp","href":"https:\/\/api.w.org\/{rel}","templated":true}]}}