{"id":13,"date":"2017-05-24T16:07:33","date_gmt":"2017-05-24T16:07:33","guid":{"rendered":"http:\/\/xn--fvlschnitzsee-jmb.de\/?page_id=13"},"modified":"2019-02-19T15:54:41","modified_gmt":"2019-02-19T15:54:41","slug":"chronik","status":"publish","type":"page","link":"http:\/\/xn--fvlschnitzsee-jmb.de\/?page_id=13","title":{"rendered":"Chronik"},"content":{"rendered":"<p><P><B>1984-1986<\/SPAN><\/B><\/P><br \/>\n                <P>Vom Landkreis Kronach wird der \u00d6lschnitzsee bei Windheim in der Gemeinde Steinbach am Wald im n\u00f6rdlichen Frankenwald mit dem Ziel der Schaffung eines kleinen Naherholungsgebietes errichtet.<BR>Der Stausee hat eine Fl\u00e4che von 2,1 ha und fasst ein Wasservolumen von ca. 35000 cbm.<BR><BR><B><SPAN STYLE=\"font-size: medium;\">31.03.1984<\/SPAN><\/B><\/P><br \/>\n                <P>Angesichts dieses Umstandes f\u00fchlt sich der fischereibegeisterte Windheimer Alfred Neubauer dazu berufen, als Hauptinitiator mit einigen weiteren Enthusiasten, einen Fischereiverein ins Leben zu rufen.<BR>Kurzentschlossen findet die Gr\u00fcndungsversammlung im Saale des Vereinslokals Schirmer in Windheim statt.<BR><BR><B><SPAN STYLE=\"font-size: medium;\">05.05.1989<\/SPAN><\/B><\/P><br \/>\n                <P>Der Fischereiverein \u00d6lschnitzsee Windheim e.V. wird P\u00e4chter des neu erbauten Freizeitsees.<BR><BR><B><SPAN STYLE=\"font-size: medium;\">01.01.1990<\/SPAN><\/B><\/P><br \/>\n                <P>Das Landratsamt Kronach erteilt dem Fischereiverein die Erlaubnis zur Ausstellung von Fischereierlaubnisscheinen.<BR><BR><B><SPAN STYLE=\"font-size: medium;\">01.05.1990<\/SPAN><\/B><\/P><br \/>\n                <P>Erstmalig wird am \u00d6lschnitzsee die Angelsaison er\u00f6ffnet.<BR><BR>Neben Bachforellen, Bachsaiblingen und Regenbogenforellen beheimatet der \u00d6lschnitzsee au\u00dferdem Elritzen und Edelkrebse.<BR><BR><B><SPAN STYLE=\"font-size: medium;\">1992<\/SPAN><\/B><\/P><br \/>\n                <P>Im Mai findet ein erstes offizielles An- und im September ein Abangeln statt.<BR><BR><B><SPAN STYLE=\"font-size: medium;\">19.06.1994<\/SPAN><\/B><\/P><br \/>\n                <P>Zum 10j\u00e4hrigen Bestehen des Fischereiverein \u00d6lschnitzsee Windheim e.V. h\u00e4lt man ein Jubil\u00e4umsangeln mit anschlie\u00dfender \u00dcberreichung von Siegerpokalen ab.<BR><BR>Ein kleines Jubil\u00e4umsfest wird auf dem Parkplatz der Gastst\u00e4tte Barbarossa in Windheim durchgef\u00fchrt.<BR><BR><B><SPAN STYLE=\"font-size: medium;\">1995<\/SPAN><\/B><\/P><br \/>\n                <P>Die Veranstaltung eines K\u00f6nigsangelns feiert Pr\u00e4miere.<BR><BR>Werner Neubauer aus Windheim wird erster Fischerk\u00f6nig des Vereins.<BR><BR>Fortan wird stets ein Anangeln am ersten Samstag im Mai, ein K\u00f6nigsangeln Mitte Juli und ein Abangeln am letzten bzw. vorletzten Samstag im September organisiert.<BR><BR><B><SPAN STYLE=\"font-size: medium;\">1998<\/SPAN><\/B><\/P><br \/>\n                <P>Der Verein errichtet eine eigene Fischerh\u00fctte am \u00d6lschnitzsee.<BR><BR>Als zus\u00e4tzliches Fischereigew\u00e4sser pachtet man das Angelrevier in Teuschnitz und Vereinsmitglieder haben von nun an auch die M\u00f6glichkeit hier Karpfen, Schleien, Barsche, Aale, Hechte, Zander, Welse und div. Wei\u00dffischarten zu beangeln.<BR><BR><B><SPAN STYLE=\"font-size: medium;\">26.06. &#8211; 28.06.2009<\/SPAN><\/B><\/P><br \/>\n                <P>Das 25j\u00e4hrige Vereinsjubil\u00e4um wird abgehalten und geb\u00fchrend zelebriert. Alfred Neubauer wird zum Ehrenmitglied ernannt.<BR><BR>Jubil\u00e4umsfischerk\u00f6nige werden:<\/P><br \/>\n                <P>Alexander Fehn, Windheim (Erwachsene)<BR>Nico Thomas, Reichenbach (Jugend)<\/P><\/p>\n","protected":false},"excerpt":{"rendered":"<p>1984-1986 Vom Landkreis Kronach wird der \u00d6lschnitzsee bei Windheim in der Gemeinde Steinbach am Wald im n\u00f6rdlichen Frankenwald mit dem Ziel der Schaffung eines kleinen Naherholungsgebietes errichtet.Der Stausee hat eine Fl\u00e4che von 2,1 ha und fasst ein Wasservolumen von ca. 35000 cbm.31.03.1984 Angesichts dieses Umstandes f\u00fchlt sich der fischereibegeisterte Windheimer Alfred Neubauer dazu berufen, als &hellip; <\/p>\n<p class=\"link-more\"><a href=\"http:\/\/xn--fvlschnitzsee-jmb.de\/?page_id=13\" class=\"more-link\"><span class=\"screen-reader-text\">\u201eChronik\u201c <\/span>weiterlesen<\/a><\/p>\n","protected":false},"author":1,"featured_media":0,"parent":0,"menu_order":2,"comment_status":"closed","ping_status":"closed","template":"","meta":{"footnotes":""},"class_list":["post-13","page","type-page","status-publish","hentry"],"_links":{"self":[{"href":"http:\/\/xn--fvlschnitzsee-jmb.de\/index.php?rest_route=\/wp\/v2\/pages\/13","targetHints":{"allow":["GET"]}}],"collection":[{"href":"http:\/\/xn--fvlschnitzsee-jmb.de\/index.php?rest_route=\/wp\/v2\/pages"}],"about":[{"href":"http:\/\/xn--fvlschnitzsee-jmb.de\/index.php?rest_route=\/wp\/v2\/types\/page"}],"author":[{"embeddable":true,"href":"http:\/\/xn--fvlschnitzsee-jmb.de\/index.php?rest_route=\/wp\/v2\/users\/1"}],"replies":[{"embeddable":true,"href":"http:\/\/xn--fvlschnitzsee-jmb.de\/index.php?rest_route=%2Fwp%2Fv2%2Fcomments&post=13"}],"version-history":[{"count":2,"href":"http:\/\/xn--fvlschnitzsee-jmb.de\/index.php?rest_route=\/wp\/v2\/pages\/13\/revisions"}],"predecessor-version":[{"id":30,"href":"http:\/\/xn--fvlschnitzsee-jmb.de\/index.php?rest_route=\/wp\/v2\/pages\/13\/revisions\/30"}],"wp:attachment":[{"href":"http:\/\/xn--fvlschnitzsee-jmb.de\/index.php?rest_route=%2Fwp%2Fv2%2Fmedia&parent=13"}],"curies":[{"name":"wp","href":"https:\/\/api.w.org\/{rel}","templated":true}]}}